{"id":4,"date":"2013-04-21T22:31:02","date_gmt":"2013-04-21T20:31:02","guid":{"rendered":"http:\/\/wellnessfysio.fi\/?page_id=4"},"modified":"2026-01-15T21:45:05","modified_gmt":"2026-01-15T19:45:05","slug":"startsida","status":"publish","type":"page","link":"https:\/\/www.wellnessfysio.fi\/","title":{"rendered":"WELLNESS FYSIO \u2013 H\u00e4lsa och v\u00e4lm\u00e5ende"},"content":{"rendered":"<p>Fysioterapitj\u00e4nster med eller utan remiss. Vi utf\u00f6r \u00e4ven medicinsk kr\u00e4vande rehabilitering med rehabiliteringsbeslut fr\u00e5n FPA, hembes\u00f6k vid behov. Vi har egen tr\u00e4ningssal p\u00e5 81,7m\u00b2 med bl.a. squatrack, fria vikter, pulley och konditionscykel.<\/p>\n<p><a href=\"https:\/\/www.wellnessfysio.fi\/wp-content\/uploads\/2022\/12\/IMG_20220213_135112.jpg\"><img decoding=\"async\" class=\"alignleft size-thumbnail wp-image-428\" alt=\"IMG_20220213_135112\" src=\"https:\/\/www.wellnessfysio.fi\/wp-content\/uploads\/2022\/12\/IMG_20220213_135112-150x150.jpg\" width=\"150\" height=\"150\" \/><\/a><\/p>\n<p>Vi ger betj\u00e4ning p\u00e5 Svenska, finska och engelska.<br \/>\nAlla besv\u00e4r \u00e4r individuella och fysioterapin skr\u00e4ddarsys alltid efter individuella behov p\u00e5 basen av en klinisk unders\u00f6kning.<\/p>\n<p>Anv\u00e4nda <a title=\"Fysioterapimetoder\" href=\"https:\/\/www.wellnessfysio.fi\/?page_id=72\">fysioterapimetoder<\/a><\/p>\n<p>Kvaliten p\u00e5 v\u00e5ra tj\u00e4nster baserar sig p\u00e5 v\u00e4lutvalda och forskade behandlingsmetoder som ger resultat, samt v\u00e5r aktiva fortbildning.<\/p>\n<p>Se lediga tider i gymmet h\u00e4r: <span style=\"color: #ff0000;\"><a title=\"Kalender\" href=\"https:\/\/calendar.google.com\/calendar\/embed?src=eg2dj1ktoqc9ucufjh1t4353ug%40group.calendar.google.com&amp;ctz=Europe%2FHelsinki\" target=\"_blank\"><span style=\"color: #ff0000;\">Kalender<\/span><\/a><\/span><\/p>\n<p><a href=\"https:\/\/www.wellnessfysio.fi\/wp-content\/uploads\/2019\/12\/SporttiPassi_Logo_RGB_2R.png\"><img decoding=\"async\" class=\"alignleft size-thumbnail wp-image-337\" alt=\"SporttiPassi_Logo_RGB_2R\" src=\"https:\/\/www.wellnessfysio.fi\/wp-content\/uploads\/2019\/12\/SporttiPassi_Logo_RGB_2R-150x150.png\" width=\"150\" height=\"150\" \/><\/a><a href=\"https:\/\/www.wellnessfysio.fi\/wp-content\/uploads\/2014\/11\/SPS-imago2.jpg\"><img fetchpriority=\"high\" decoding=\"async\" class=\"alignleft size-medium wp-image-323\" alt=\"SONY DSC\" src=\"https:\/\/www.wellnessfysio.fi\/wp-content\/uploads\/2014\/11\/SPS-imago2-193x300.jpg\" width=\"193\" height=\"300\" srcset=\"https:\/\/www.wellnessfysio.fi\/wp-content\/uploads\/2014\/11\/SPS-imago2-193x300.jpg 193w, https:\/\/www.wellnessfysio.fi\/wp-content\/uploads\/2014\/11\/SPS-imago2-659x1024.jpg 659w\" sizes=\"(max-width: 193px) 100vw, 193px\" \/><\/a><\/p>\n\n\n<p class=\"wp-block-paragraph\"><\/p>\n","protected":false},"excerpt":{"rendered":"<p>Fysioterapitj\u00e4nster med eller utan remiss. Vi utf\u00f6r \u00e4ven medicinsk kr\u00e4vande rehabilitering med rehabiliteringsbeslut fr\u00e5n FPA, hembes\u00f6k vid behov. Vi har egen tr\u00e4ningssal p\u00e5 81,7m\u00b2 med bl.a. squatrack, fria vikter, pulley och konditionscykel. Vi ger betj\u00e4ning p\u00e5 Svenska, finska och engelska. &hellip; <a href=\"https:\/\/www.wellnessfysio.fi\/\">Continue reading <span class=\"meta-nav\">&rarr;<\/span><\/a><\/p>\n","protected":false},"author":1,"featured_media":0,"parent":0,"menu_order":0,"comment_status":"closed","ping_status":"closed","template":"","meta":{"_crdt_document":"","_themeisle_gutenberg_block_has_review":false,"footnotes":""},"class_list":["post-4","page","type-page","status-publish","hentry"],"_links":{"self":[{"href":"https:\/\/www.wellnessfysio.fi\/wp-json\/wp\/v2\/pages\/4","targetHints":{"allow":["GET"]}}],"collection":[{"href":"https:\/\/www.wellnessfysio.fi\/wp-json\/wp\/v2\/pages"}],"about":[{"href":"https:\/\/www.wellnessfysio.fi\/wp-json\/wp\/v2\/types\/page"}],"author":[{"embeddable":true,"href":"https:\/\/www.wellnessfysio.fi\/wp-json\/wp\/v2\/users\/1"}],"replies":[{"embeddable":true,"href":"https:\/\/www.wellnessfysio.fi\/wp-json\/wp\/v2\/comments?post=4"}],"version-history":[{"count":54,"href":"https:\/\/www.wellnessfysio.fi\/wp-json\/wp\/v2\/pages\/4\/revisions"}],"predecessor-version":[{"id":507,"href":"https:\/\/www.wellnessfysio.fi\/wp-json\/wp\/v2\/pages\/4\/revisions\/507"}],"wp:attachment":[{"href":"https:\/\/www.wellnessfysio.fi\/wp-json\/wp\/v2\/media?parent=4"}],"curies":[{"name":"wp","href":"https:\/\/api.w.org\/{rel}","templated":true}]}}